{"id":1147,"date":"2024-05-29T15:50:16","date_gmt":"2024-05-29T15:50:16","guid":{"rendered":"https:\/\/ganzarchitektur.ch\/?page_id=1147"},"modified":"2024-06-05T12:02:09","modified_gmt":"2024-06-05T12:02:09","slug":"000_car","status":"publish","type":"page","link":"https:\/\/ganzarchitektur.ch\/?page_id=1147","title":{"rendered":"000_CAR"},"content":{"rendered":"\n<div class=\"wp-block-columns is-layout-flex wp-container-core-columns-is-layout-1 wp-block-columns-is-layout-flex\" style=\"padding-right:0;padding-left:0\">\n<div class=\"wp-block-column is-layout-flow wp-container-core-column-is-layout-1 wp-block-column-is-layout-flow\"><div class=\"wp-block-visual-portfolio alignwide\">\n<div class=\"vp-portfolio vp-uid-8fd16c59 vp-id-9yuXP vp-portfolio__rcp\"\n\tdata-vp-layout=\"slider\" data-vp-content-source=\"images\" data-vp-items-style=\"default\" data-vp-items-click-action=\"\" data-vp-items-gap=\"30\" data-vp-items-gap-vertical=\"\" data-vp-pagination=\"load-more\" data-vp-next-page-url=\"\" data-vp-slider-effect=\"slide\" data-vp-slider-items-height=\"auto\" data-vp-slider-slides-per-view=\"1\" data-vp-slider-speed=\"0\" data-vp-slider-autoplay=\"0\" data-vp-slider-autoplay-hover-pause=\"false\" data-vp-slider-centered-slides=\"false\" data-vp-slider-loop=\"true\" data-vp-slider-free-mode=\"false\" data-vp-slider-free-mode-sticky=\"false\" data-vp-slider-arrows=\"true\" data-vp-slider-bullets=\"false\" data-vp-slider-bullets-dynamic=\"false\" data-vp-slider-mousewheel=\"false\" data-vp-slider-thumbnails=\"false\" >\n\t<div class=\"vp-portfolio__preloader-wrap\">\n\t\t<div class=\"vp-portfolio__preloader\">\n\t\t\t<img decoding=\"async\" loading=\"eager\" src=\"https:\/\/ganzarchitektur.ch\/wp-content\/plugins\/visual-portfolio-pro\/core-plugin\/assets\/images\/logo-dark.svg\" alt=\"Visual Portfolio, Posts &amp; Image Gallery for WordPress\" width=\"20\" height=\"20\" data-skip-lazy>\n\t\t<\/div>\n\t<\/div>\n\t\t<div class=\"vp-portfolio__items-wrap\">\n\t\t\t\n<div class=\"vp-portfolio__items vp-portfolio__items-style-default vp-portfolio__items-show-overlay-always\">\n\n\t\t<div\t\tclass=\"vp-portfolio__item-wrap vp-portfolio__item-uid-a6a63d25\" data-vp-filter=\"\" \t\t>\n\t\t\t\t\t\t\t\t\t<figure class=\"vp-portfolio__item\">\n\t\t\t\t\n<div class=\"vp-portfolio__item-img-wrap\">\n\t<div class=\"vp-portfolio__item-img\">\n\t\t\n\t\t<noscript><img loading=\"lazy\" decoding=\"async\" width=\"1920\" height=\"1440\" data-skip-lazy src=\"https:\/\/ganzarchitektur.ch\/wp-content\/uploads\/2024\/05\/006_CAR_01.png\" class=\"wp-image-1159\" alt=\"\" srcset=\"https:\/\/ganzarchitektur.ch\/wp-content\/uploads\/2024\/05\/006_CAR_01.png 2000w, https:\/\/ganzarchitektur.ch\/wp-content\/uploads\/2024\/05\/006_CAR_01-300x225.png 300w, https:\/\/ganzarchitektur.ch\/wp-content\/uploads\/2024\/05\/006_CAR_01-1024x768.png 1024w, https:\/\/ganzarchitektur.ch\/wp-content\/uploads\/2024\/05\/006_CAR_01-768x576.png 768w\" sizes=\"auto, (max-width: 1920px) 100vw, 1920px\" \/><\/noscript><img fetchpriority=\"high\" decoding=\"async\" width=\"1920\" height=\"1440\" src=\"https:\/\/ganzarchitektur.ch\/wp-content\/uploads\/2024\/05\/006_CAR_01.png\" class=\"wp-image-1159 vp-lazyload\" alt srcset=\"data:image\/svg+xml;base64,PHN2ZyB3aWR0aD0iMTkyMCIgaGVpZ2h0PSIxNDQwIiB2aWV3Qm94PSIwIDAgMTkyMCAxNDQwIiBmaWxsPSJub25lIiB4bWxucz0iaHR0cDovL3d3dy53My5vcmcvMjAwMC9zdmciPjwvc3ZnPg==\" data-src=\"https:\/\/ganzarchitektur.ch\/wp-content\/uploads\/2024\/05\/006_CAR_01.png\" data-srcset=\"https:\/\/ganzarchitektur.ch\/wp-content\/uploads\/2024\/05\/006_CAR_01.png 2000w, https:\/\/ganzarchitektur.ch\/wp-content\/uploads\/2024\/05\/006_CAR_01-300x225.png 300w, https:\/\/ganzarchitektur.ch\/wp-content\/uploads\/2024\/05\/006_CAR_01-1024x768.png 1024w, https:\/\/ganzarchitektur.ch\/wp-content\/uploads\/2024\/05\/006_CAR_01-768x576.png 768w\" data-sizes=\"auto\" loading=\"eager\">\n\t\t<div class=\"vp-portfolio__item-overlay\">\n\t\t\t\t\t<\/div>\n\n\t\t\t<\/div>\n<\/div>\n\n\t\t\t<\/figure>\n\t\t\t\t\t<\/div>\n\t\t\n\t\t<div\t\tclass=\"vp-portfolio__item-wrap vp-portfolio__item-uid-c937fff2\" data-vp-filter=\"\" \t\t>\n\t\t\t\t\t\t\t\t\t<figure class=\"vp-portfolio__item\">\n\t\t\t\t\n<div class=\"vp-portfolio__item-img-wrap\">\n\t<div class=\"vp-portfolio__item-img\">\n\t\t\n\t\t<noscript><img loading=\"lazy\" decoding=\"async\" width=\"1920\" height=\"1440\" data-skip-lazy src=\"https:\/\/ganzarchitektur.ch\/wp-content\/uploads\/2024\/05\/006_CAR_02.png\" class=\"wp-image-1160\" alt=\"\" srcset=\"https:\/\/ganzarchitektur.ch\/wp-content\/uploads\/2024\/05\/006_CAR_02.png 2000w, https:\/\/ganzarchitektur.ch\/wp-content\/uploads\/2024\/05\/006_CAR_02-300x225.png 300w, https:\/\/ganzarchitektur.ch\/wp-content\/uploads\/2024\/05\/006_CAR_02-1024x768.png 1024w, https:\/\/ganzarchitektur.ch\/wp-content\/uploads\/2024\/05\/006_CAR_02-768x576.png 768w\" sizes=\"auto, (max-width: 1920px) 100vw, 1920px\" \/><\/noscript><img decoding=\"async\" width=\"1920\" height=\"1440\" src=\"https:\/\/ganzarchitektur.ch\/wp-content\/uploads\/2024\/05\/006_CAR_02.png\" class=\"wp-image-1160 vp-lazyload\" alt srcset=\"data:image\/svg+xml;base64,PHN2ZyB3aWR0aD0iMTkyMCIgaGVpZ2h0PSIxNDQwIiB2aWV3Qm94PSIwIDAgMTkyMCAxNDQwIiBmaWxsPSJub25lIiB4bWxucz0iaHR0cDovL3d3dy53My5vcmcvMjAwMC9zdmciPjwvc3ZnPg==\" data-src=\"https:\/\/ganzarchitektur.ch\/wp-content\/uploads\/2024\/05\/006_CAR_02.png\" data-srcset=\"https:\/\/ganzarchitektur.ch\/wp-content\/uploads\/2024\/05\/006_CAR_02.png 2000w, https:\/\/ganzarchitektur.ch\/wp-content\/uploads\/2024\/05\/006_CAR_02-300x225.png 300w, https:\/\/ganzarchitektur.ch\/wp-content\/uploads\/2024\/05\/006_CAR_02-1024x768.png 1024w, https:\/\/ganzarchitektur.ch\/wp-content\/uploads\/2024\/05\/006_CAR_02-768x576.png 768w\" data-sizes=\"auto\" loading=\"eager\">\n\t\t<div class=\"vp-portfolio__item-overlay\">\n\t\t\t\t\t<\/div>\n\n\t\t\t<\/div>\n<\/div>\n\n\t\t\t<\/figure>\n\t\t\t\t\t<\/div>\n\t\t\n\t\t<div\t\tclass=\"vp-portfolio__item-wrap vp-portfolio__item-uid-f990b5b4\" data-vp-filter=\"\" \t\t>\n\t\t\t\t\t\t\t\t\t<figure class=\"vp-portfolio__item\">\n\t\t\t\t\n<div class=\"vp-portfolio__item-img-wrap\">\n\t<div class=\"vp-portfolio__item-img\">\n\t\t\n\t\t<noscript><img loading=\"lazy\" decoding=\"async\" width=\"1920\" height=\"1440\" data-skip-lazy src=\"https:\/\/ganzarchitektur.ch\/wp-content\/uploads\/2024\/05\/006_CAR_03.png\" class=\"wp-image-1161\" alt=\"\" srcset=\"https:\/\/ganzarchitektur.ch\/wp-content\/uploads\/2024\/05\/006_CAR_03.png 2000w, https:\/\/ganzarchitektur.ch\/wp-content\/uploads\/2024\/05\/006_CAR_03-300x225.png 300w\" sizes=\"auto, (max-width: 1920px) 100vw, 1920px\" \/><\/noscript><img decoding=\"async\" width=\"1920\" height=\"1440\" src=\"https:\/\/ganzarchitektur.ch\/wp-content\/uploads\/2024\/05\/006_CAR_03.png\" class=\"wp-image-1161 vp-lazyload\" alt srcset=\"data:image\/svg+xml;base64,PHN2ZyB3aWR0aD0iMTkyMCIgaGVpZ2h0PSIxNDQwIiB2aWV3Qm94PSIwIDAgMTkyMCAxNDQwIiBmaWxsPSJub25lIiB4bWxucz0iaHR0cDovL3d3dy53My5vcmcvMjAwMC9zdmciPjwvc3ZnPg==\" data-src=\"https:\/\/ganzarchitektur.ch\/wp-content\/uploads\/2024\/05\/006_CAR_03.png\" data-srcset=\"https:\/\/ganzarchitektur.ch\/wp-content\/uploads\/2024\/05\/006_CAR_03.png 2000w, https:\/\/ganzarchitektur.ch\/wp-content\/uploads\/2024\/05\/006_CAR_03-300x225.png 300w\" data-sizes=\"auto\" loading=\"eager\">\n\t\t<div class=\"vp-portfolio__item-overlay\">\n\t\t\t\t\t<\/div>\n\n\t\t\t<\/div>\n<\/div>\n\n\t\t\t<\/figure>\n\t\t\t\t\t<\/div>\n\t\t\n\t\t<div\t\tclass=\"vp-portfolio__item-wrap vp-portfolio__item-uid-5df9cdbe\" data-vp-filter=\"\" \t\t>\n\t\t\t\t\t\t\t\t\t<figure class=\"vp-portfolio__item\">\n\t\t\t\t\n<div class=\"vp-portfolio__item-img-wrap\">\n\t<div class=\"vp-portfolio__item-img\">\n\t\t\n\t\t<noscript><img loading=\"lazy\" decoding=\"async\" width=\"1920\" height=\"1440\" data-skip-lazy src=\"https:\/\/ganzarchitektur.ch\/wp-content\/uploads\/2024\/05\/006_CAR_04.png\" class=\"wp-image-1162\" alt=\"\" srcset=\"https:\/\/ganzarchitektur.ch\/wp-content\/uploads\/2024\/05\/006_CAR_04.png 2000w, https:\/\/ganzarchitektur.ch\/wp-content\/uploads\/2024\/05\/006_CAR_04-300x225.png 300w, https:\/\/ganzarchitektur.ch\/wp-content\/uploads\/2024\/05\/006_CAR_04-1024x768.png 1024w\" sizes=\"auto, (max-width: 1920px) 100vw, 1920px\" \/><\/noscript><img decoding=\"async\" width=\"1920\" height=\"1440\" src=\"https:\/\/ganzarchitektur.ch\/wp-content\/uploads\/2024\/05\/006_CAR_04.png\" class=\"wp-image-1162 vp-lazyload\" alt srcset=\"data:image\/svg+xml;base64,PHN2ZyB3aWR0aD0iMTkyMCIgaGVpZ2h0PSIxNDQwIiB2aWV3Qm94PSIwIDAgMTkyMCAxNDQwIiBmaWxsPSJub25lIiB4bWxucz0iaHR0cDovL3d3dy53My5vcmcvMjAwMC9zdmciPjwvc3ZnPg==\" data-src=\"https:\/\/ganzarchitektur.ch\/wp-content\/uploads\/2024\/05\/006_CAR_04.png\" data-srcset=\"https:\/\/ganzarchitektur.ch\/wp-content\/uploads\/2024\/05\/006_CAR_04.png 2000w, https:\/\/ganzarchitektur.ch\/wp-content\/uploads\/2024\/05\/006_CAR_04-300x225.png 300w, https:\/\/ganzarchitektur.ch\/wp-content\/uploads\/2024\/05\/006_CAR_04-1024x768.png 1024w\" data-sizes=\"auto\" loading=\"eager\">\n\t\t<div class=\"vp-portfolio__item-overlay\">\n\t\t\t\t\t<\/div>\n\n\t\t\t<\/div>\n<\/div>\n\n\t\t\t<\/figure>\n\t\t\t\t\t<\/div>\n\t\t\n<\/div>\n\n<div class=\"vp-portfolio__items-arrow vp-portfolio__items-arrow-prev\" tabindex=\"0\" role=\"button\" aria-label=\"Previous Slide\">\n\t\n<svg class=\"vp-svg-icon\" width=\"20\" height=\"20\" viewBox=\"0 0 20 20\" fill=\"none\" xmlns=\"http:\/\/www.w3.org\/2000\/svg\">\n\t<path d=\"M12 4L6 10L12 16\" stroke=\"currentColor\" stroke-width=\"1.5\" stroke-linecap=\"round\" stroke-linejoin=\"round\" fill=\"transparent\" \/>\n<\/svg>\n<\/div>\n<div class=\"vp-portfolio__items-arrow vp-portfolio__items-arrow-next\" tabindex=\"0\" role=\"button\" aria-label=\"Next Slide\">\n\t\n<svg class=\"vp-svg-icon\" width=\"20\" height=\"20\" viewBox=\"0 0 20 20\" fill=\"none\" xmlns=\"http:\/\/www.w3.org\/2000\/svg\">\n\t<path d=\"M8 4L14 10L8 16\" stroke=\"currentColor\" stroke-width=\"1.5\" stroke-linecap=\"round\" stroke-linejoin=\"round\" fill=\"transparent\" \/>\n<\/svg>\n<\/div>\n\t\t<\/div>\n\t\t\n<\/div>\n<\/div><\/div>\n\n\n\n<div class=\"wp-block-column has-global-padding is-content-justification-left is-layout-constrained wp-container-core-column-is-layout-2 wp-block-column-is-layout-constrained\" style=\"padding-right:0;padding-left:0;flex-basis:45vw\">\n<h2 class=\"wp-block-heading\" style=\"font-size:clamp(18.959px, 1.185rem + ((1vw - 3.2px) * 0.863), 30px);\">Erneuerung und Ausbau Dachwohnung<\/h2>\n\n\n\n<div style=\"height:1em\" aria-hidden=\"true\" class=\"wp-block-spacer\"><\/div>\n\n\n\n<p>Das Doppelmehrfamilienhaus aus dem Jahr 1907 steht in einer Reihe grossformatiger Solit\u00e4rbauten, welche parallel zum Hang verl\u00e4uft. Die Geb\u00e4ude sind umgeben von privaten G\u00e4rten mit \u00fcppigem Gr\u00fcn und grossen B\u00e4umen. Sowohl das Geb\u00e4ude wie auch der Garten befinden sich im kommunalen Inventar.<br>\u00dcber den drei Regelgeschossen liegt die in den 70er Jahren zu einer Maisonette umgebaute Dachwohnung, die saniert und im oberen Geschoss mit neuem Bad, Ankleide und Schlafzimmer ausgebaut wurde.<\/p>\n\n\n\n<div style=\"height:2em\" aria-hidden=\"true\" class=\"wp-block-spacer\"><\/div>\n\n\n\n<div class=\"wp-block-group .block-1 is-horizontal is-content-justification-left is-layout-flex wp-container-core-group-is-layout-1 wp-block-group-is-layout-flex\">\n<p>Auftraggeber: <\/p>\n\n\n\n<p>Privat<\/p>\n<\/div>\n\n\n\n<div class=\"wp-block-group is-horizontal is-content-justification-left is-layout-flex wp-container-core-group-is-layout-2 wp-block-group-is-layout-flex\">\n<p>Adresse, Ort: <\/p>\n\n\n\n<p>Carmenstrasse, Z\u00fcrich<\/p>\n<\/div>\n\n\n\n<div class=\"wp-block-group is-horizontal is-content-justification-left is-layout-flex wp-container-core-group-is-layout-3 wp-block-group-is-layout-flex\">\n<p>Verfahren: <\/p>\n\n\n\n<p>Direktauftrag<\/p>\n<\/div>\n\n\n\n<div class=\"wp-block-group is-horizontal is-content-justification-left is-layout-flex wp-container-core-group-is-layout-4 wp-block-group-is-layout-flex\">\n<p>Nutzung: <\/p>\n\n\n\n<p>Wohnen<\/p>\n<\/div>\n\n\n\n<div class=\"wp-block-group is-horizontal is-content-justification-left is-layout-flex wp-container-core-group-is-layout-5 wp-block-group-is-layout-flex\">\n<p>Realisierung:<\/p>\n\n\n\n<p>2022-2023<\/p>\n<\/div>\n<\/div>\n<\/div>\n","protected":false},"excerpt":{"rendered":"<p>Erneuerung und Ausbau Dachwohnung Das Doppelmehrfamilienhaus aus dem Jahr 1907 steht in einer Reihe grossformatiger Solit\u00e4rbauten, welche parallel zum Hang verl\u00e4uft. Die Geb\u00e4ude sind umgeben von privaten G\u00e4rten mit \u00fcppigem Gr\u00fcn und grossen B\u00e4umen. Sowohl das Geb\u00e4ude wie auch der Garten befinden sich im kommunalen Inventar.\u00dcber den drei Regelgeschossen liegt die in den 70er Jahren [&hellip;]<\/p>\n","protected":false},"author":2,"featured_media":0,"parent":0,"menu_order":0,"comment_status":"closed","ping_status":"open","template":"wp-custom-template-aljs-03-2","meta":{"_vp_format_video_url":"","_vp_image_focal_point":[],"_vp_custom_popup_image":0,"_vp_format_audio_url":"","_vp_custom_thumbnail":0,"_vp_custom_thumbnail_focal_point":[],"_vp_hover_thumbnail":0,"_vp_hover_thumbnail_focal_point":[],"footnotes":""},"class_list":["post-1147","page","type-page","status-publish","hentry"],"_links":{"self":[{"href":"https:\/\/ganzarchitektur.ch\/index.php?rest_route=\/wp\/v2\/pages\/1147","targetHints":{"allow":["GET"]}}],"collection":[{"href":"https:\/\/ganzarchitektur.ch\/index.php?rest_route=\/wp\/v2\/pages"}],"about":[{"href":"https:\/\/ganzarchitektur.ch\/index.php?rest_route=\/wp\/v2\/types\/page"}],"author":[{"embeddable":true,"href":"https:\/\/ganzarchitektur.ch\/index.php?rest_route=\/wp\/v2\/users\/2"}],"replies":[{"embeddable":true,"href":"https:\/\/ganzarchitektur.ch\/index.php?rest_route=%2Fwp%2Fv2%2Fcomments&post=1147"}],"version-history":[{"count":7,"href":"https:\/\/ganzarchitektur.ch\/index.php?rest_route=\/wp\/v2\/pages\/1147\/revisions"}],"predecessor-version":[{"id":1279,"href":"https:\/\/ganzarchitektur.ch\/index.php?rest_route=\/wp\/v2\/pages\/1147\/revisions\/1279"}],"wp:attachment":[{"href":"https:\/\/ganzarchitektur.ch\/index.php?rest_route=%2Fwp%2Fv2%2Fmedia&parent=1147"}],"curies":[{"name":"wp","href":"https:\/\/api.w.org\/{rel}","templated":true}]}}