{"id":1088,"date":"2024-05-29T15:45:58","date_gmt":"2024-05-29T15:45:58","guid":{"rendered":"https:\/\/ganzarchitektur.ch\/?page_id=1088"},"modified":"2025-01-01T17:15:47","modified_gmt":"2025-01-01T17:15:47","slug":"000_ida","status":"publish","type":"page","link":"https:\/\/ganzarchitektur.ch\/?page_id=1088","title":{"rendered":"000_IDA"},"content":{"rendered":"\n<div class=\"wp-block-columns is-layout-flex wp-container-core-columns-is-layout-1 wp-block-columns-is-layout-flex\" style=\"padding-right:0;padding-left:0\">\n<div class=\"wp-block-column is-layout-flow wp-container-core-column-is-layout-1 wp-block-column-is-layout-flow\"><div class=\"wp-block-visual-portfolio alignwide\">\n<div class=\"vp-portfolio vp-uid-aa41b15c vp-id-Z1I2d01 vp-portfolio__rcp\"\n\tdata-vp-layout=\"slider\" data-vp-content-source=\"images\" data-vp-items-style=\"default\" data-vp-items-click-action=\"\" data-vp-items-gap=\"30\" data-vp-items-gap-vertical=\"\" data-vp-pagination=\"load-more\" data-vp-next-page-url=\"\" data-vp-slider-effect=\"slide\" data-vp-slider-items-height=\"auto\" data-vp-slider-slides-per-view=\"1\" data-vp-slider-speed=\"0\" data-vp-slider-autoplay=\"0\" data-vp-slider-autoplay-hover-pause=\"false\" data-vp-slider-centered-slides=\"false\" data-vp-slider-loop=\"true\" data-vp-slider-free-mode=\"false\" data-vp-slider-free-mode-sticky=\"false\" data-vp-slider-arrows=\"true\" data-vp-slider-bullets=\"false\" data-vp-slider-bullets-dynamic=\"false\" data-vp-slider-mousewheel=\"false\" data-vp-slider-thumbnails=\"false\" >\n\t<div class=\"vp-portfolio__preloader-wrap\">\n\t\t<div class=\"vp-portfolio__preloader\">\n\t\t\t<img decoding=\"async\" loading=\"eager\" src=\"https:\/\/ganzarchitektur.ch\/wp-content\/plugins\/visual-portfolio-pro\/core-plugin\/assets\/images\/logo-dark.svg\" alt=\"Visual Portfolio, Posts &amp; Image Gallery for WordPress\" width=\"20\" height=\"20\" data-skip-lazy>\n\t\t<\/div>\n\t<\/div>\n\t\t<div class=\"vp-portfolio__items-wrap\">\n\t\t\t\n<div class=\"vp-portfolio__items vp-portfolio__items-style-default vp-portfolio__items-show-overlay-always\">\n\n\t\t<div\t\tclass=\"vp-portfolio__item-wrap vp-portfolio__item-uid-89202207\" data-vp-filter=\"\" \t\t>\n\t\t\t\t\t\t\t\t\t<figure class=\"vp-portfolio__item\">\n\t\t\t\t\n<div class=\"vp-portfolio__item-img-wrap\">\n\t<div class=\"vp-portfolio__item-img\">\n\t\t\n\t\t<noscript><img loading=\"lazy\" decoding=\"async\" width=\"1920\" height=\"1440\" data-skip-lazy src=\"https:\/\/ganzarchitektur.ch\/wp-content\/uploads\/2024\/05\/000_IDA_04.png\" class=\"wp-image-1130\" alt=\"\" \/><\/noscript><img fetchpriority=\"high\" decoding=\"async\" width=\"1920\" height=\"1440\" src=\"data:image\/svg+xml;base64,PHN2ZyB3aWR0aD0iMTkyMCIgaGVpZ2h0PSIxNDQwIiB2aWV3Qm94PSIwIDAgMTkyMCAxNDQwIiBmaWxsPSJub25lIiB4bWxucz0iaHR0cDovL3d3dy53My5vcmcvMjAwMC9zdmciPjwvc3ZnPg==\" class=\"wp-image-1130 vp-lazyload\" alt data-src=\"https:\/\/ganzarchitektur.ch\/wp-content\/uploads\/2024\/05\/000_IDA_04.png\" data-sizes=\"auto\" loading=\"eager\">\n\t\t<div class=\"vp-portfolio__item-overlay\">\n\t\t\t\t\t<\/div>\n\n\t\t\t<\/div>\n<\/div>\n\n\t\t\t<\/figure>\n\t\t\t\t\t<\/div>\n\t\t\n\t\t<div\t\tclass=\"vp-portfolio__item-wrap vp-portfolio__item-uid-333faf55\" data-vp-filter=\"\" \t\t>\n\t\t\t\t\t\t\t\t\t<figure class=\"vp-portfolio__item\">\n\t\t\t\t\n<div class=\"vp-portfolio__item-img-wrap\">\n\t<div class=\"vp-portfolio__item-img\">\n\t\t\n\t\t<noscript><img loading=\"lazy\" decoding=\"async\" width=\"1920\" height=\"1440\" data-skip-lazy src=\"https:\/\/ganzarchitektur.ch\/wp-content\/uploads\/2024\/05\/000_IDA_01.png\" class=\"wp-image-1127\" alt=\"\" srcset=\"https:\/\/ganzarchitektur.ch\/wp-content\/uploads\/2024\/05\/000_IDA_01.png 2000w, https:\/\/ganzarchitektur.ch\/wp-content\/uploads\/2024\/05\/000_IDA_01-300x225.png 300w, https:\/\/ganzarchitektur.ch\/wp-content\/uploads\/2024\/05\/000_IDA_01-1024x768.png 1024w, https:\/\/ganzarchitektur.ch\/wp-content\/uploads\/2024\/05\/000_IDA_01-768x576.png 768w\" sizes=\"auto, (max-width: 1920px) 100vw, 1920px\" \/><\/noscript><img decoding=\"async\" width=\"1920\" height=\"1440\" src=\"https:\/\/ganzarchitektur.ch\/wp-content\/uploads\/2024\/05\/000_IDA_01.png\" class=\"wp-image-1127 vp-lazyload\" alt srcset=\"data:image\/svg+xml;base64,PHN2ZyB3aWR0aD0iMTkyMCIgaGVpZ2h0PSIxNDQwIiB2aWV3Qm94PSIwIDAgMTkyMCAxNDQwIiBmaWxsPSJub25lIiB4bWxucz0iaHR0cDovL3d3dy53My5vcmcvMjAwMC9zdmciPjwvc3ZnPg==\" data-src=\"https:\/\/ganzarchitektur.ch\/wp-content\/uploads\/2024\/05\/000_IDA_01.png\" data-srcset=\"https:\/\/ganzarchitektur.ch\/wp-content\/uploads\/2024\/05\/000_IDA_01.png 2000w, https:\/\/ganzarchitektur.ch\/wp-content\/uploads\/2024\/05\/000_IDA_01-300x225.png 300w, https:\/\/ganzarchitektur.ch\/wp-content\/uploads\/2024\/05\/000_IDA_01-1024x768.png 1024w, https:\/\/ganzarchitektur.ch\/wp-content\/uploads\/2024\/05\/000_IDA_01-768x576.png 768w\" data-sizes=\"auto\" loading=\"eager\">\n\t\t<div class=\"vp-portfolio__item-overlay\">\n\t\t\t\t\t<\/div>\n\n\t\t\t<\/div>\n<\/div>\n\n\t\t\t<\/figure>\n\t\t\t\t\t<\/div>\n\t\t\n\t\t<div\t\tclass=\"vp-portfolio__item-wrap vp-portfolio__item-uid-9327f882\" data-vp-filter=\"\" \t\t>\n\t\t\t\t\t\t\t\t\t<figure class=\"vp-portfolio__item\">\n\t\t\t\t\n<div class=\"vp-portfolio__item-img-wrap\">\n\t<div class=\"vp-portfolio__item-img\">\n\t\t\n\t\t<noscript><img loading=\"lazy\" decoding=\"async\" width=\"1920\" height=\"1440\" data-skip-lazy src=\"https:\/\/ganzarchitektur.ch\/wp-content\/uploads\/2024\/05\/000_IDA_03.png\" class=\"wp-image-1129\" alt=\"\" srcset=\"https:\/\/ganzarchitektur.ch\/wp-content\/uploads\/2024\/05\/000_IDA_03.png 2000w, https:\/\/ganzarchitektur.ch\/wp-content\/uploads\/2024\/05\/000_IDA_03-300x225.png 300w, https:\/\/ganzarchitektur.ch\/wp-content\/uploads\/2024\/05\/000_IDA_03-1024x768.png 1024w, https:\/\/ganzarchitektur.ch\/wp-content\/uploads\/2024\/05\/000_IDA_03-768x576.png 768w\" sizes=\"auto, (max-width: 1920px) 100vw, 1920px\" \/><\/noscript><img decoding=\"async\" width=\"1920\" height=\"1440\" src=\"https:\/\/ganzarchitektur.ch\/wp-content\/uploads\/2024\/05\/000_IDA_03.png\" class=\"wp-image-1129 vp-lazyload\" alt srcset=\"data:image\/svg+xml;base64,PHN2ZyB3aWR0aD0iMTkyMCIgaGVpZ2h0PSIxNDQwIiB2aWV3Qm94PSIwIDAgMTkyMCAxNDQwIiBmaWxsPSJub25lIiB4bWxucz0iaHR0cDovL3d3dy53My5vcmcvMjAwMC9zdmciPjwvc3ZnPg==\" data-src=\"https:\/\/ganzarchitektur.ch\/wp-content\/uploads\/2024\/05\/000_IDA_03.png\" data-srcset=\"https:\/\/ganzarchitektur.ch\/wp-content\/uploads\/2024\/05\/000_IDA_03.png 2000w, https:\/\/ganzarchitektur.ch\/wp-content\/uploads\/2024\/05\/000_IDA_03-300x225.png 300w, https:\/\/ganzarchitektur.ch\/wp-content\/uploads\/2024\/05\/000_IDA_03-1024x768.png 1024w, https:\/\/ganzarchitektur.ch\/wp-content\/uploads\/2024\/05\/000_IDA_03-768x576.png 768w\" data-sizes=\"auto\" loading=\"eager\">\n\t\t<div class=\"vp-portfolio__item-overlay\">\n\t\t\t\t\t<\/div>\n\n\t\t\t<\/div>\n<\/div>\n\n\t\t\t<\/figure>\n\t\t\t\t\t<\/div>\n\t\t\n\t\t<div\t\tclass=\"vp-portfolio__item-wrap vp-portfolio__item-uid-d940e1a4\" data-vp-filter=\"\" \t\t>\n\t\t\t\t\t\t\t\t\t<figure class=\"vp-portfolio__item\">\n\t\t\t\t\n<div class=\"vp-portfolio__item-img-wrap\">\n\t<div class=\"vp-portfolio__item-img\">\n\t\t\n\t\t<noscript><img loading=\"lazy\" decoding=\"async\" width=\"1920\" height=\"1440\" data-skip-lazy src=\"https:\/\/ganzarchitektur.ch\/wp-content\/uploads\/2024\/05\/000_IDA_02.png\" class=\"wp-image-1128\" alt=\"\" srcset=\"https:\/\/ganzarchitektur.ch\/wp-content\/uploads\/2024\/05\/000_IDA_02.png 2000w, https:\/\/ganzarchitektur.ch\/wp-content\/uploads\/2024\/05\/000_IDA_02-300x225.png 300w, https:\/\/ganzarchitektur.ch\/wp-content\/uploads\/2024\/05\/000_IDA_02-1024x768.png 1024w, https:\/\/ganzarchitektur.ch\/wp-content\/uploads\/2024\/05\/000_IDA_02-768x576.png 768w\" sizes=\"auto, (max-width: 1920px) 100vw, 1920px\" \/><\/noscript><img decoding=\"async\" width=\"1920\" height=\"1440\" src=\"https:\/\/ganzarchitektur.ch\/wp-content\/uploads\/2024\/05\/000_IDA_02.png\" class=\"wp-image-1128 vp-lazyload\" alt srcset=\"data:image\/svg+xml;base64,PHN2ZyB3aWR0aD0iMTkyMCIgaGVpZ2h0PSIxNDQwIiB2aWV3Qm94PSIwIDAgMTkyMCAxNDQwIiBmaWxsPSJub25lIiB4bWxucz0iaHR0cDovL3d3dy53My5vcmcvMjAwMC9zdmciPjwvc3ZnPg==\" data-src=\"https:\/\/ganzarchitektur.ch\/wp-content\/uploads\/2024\/05\/000_IDA_02.png\" data-srcset=\"https:\/\/ganzarchitektur.ch\/wp-content\/uploads\/2024\/05\/000_IDA_02.png 2000w, https:\/\/ganzarchitektur.ch\/wp-content\/uploads\/2024\/05\/000_IDA_02-300x225.png 300w, https:\/\/ganzarchitektur.ch\/wp-content\/uploads\/2024\/05\/000_IDA_02-1024x768.png 1024w, https:\/\/ganzarchitektur.ch\/wp-content\/uploads\/2024\/05\/000_IDA_02-768x576.png 768w\" data-sizes=\"auto\" loading=\"eager\">\n\t\t<div class=\"vp-portfolio__item-overlay\">\n\t\t\t\t\t<\/div>\n\n\t\t\t<\/div>\n<\/div>\n\n\t\t\t<\/figure>\n\t\t\t\t\t<\/div>\n\t\t\n<\/div>\n\n<div class=\"vp-portfolio__items-arrow vp-portfolio__items-arrow-prev\" tabindex=\"0\" role=\"button\" aria-label=\"Previous Slide\">\n\t\n<svg class=\"vp-svg-icon\" width=\"20\" height=\"20\" viewBox=\"0 0 20 20\" fill=\"none\" xmlns=\"http:\/\/www.w3.org\/2000\/svg\">\n\t<path d=\"M12 4L6 10L12 16\" stroke=\"currentColor\" stroke-width=\"1.5\" stroke-linecap=\"round\" stroke-linejoin=\"round\" fill=\"transparent\" \/>\n<\/svg>\n<\/div>\n<div class=\"vp-portfolio__items-arrow vp-portfolio__items-arrow-next\" tabindex=\"0\" role=\"button\" aria-label=\"Next Slide\">\n\t\n<svg class=\"vp-svg-icon\" width=\"20\" height=\"20\" viewBox=\"0 0 20 20\" fill=\"none\" xmlns=\"http:\/\/www.w3.org\/2000\/svg\">\n\t<path d=\"M8 4L14 10L8 16\" stroke=\"currentColor\" stroke-width=\"1.5\" stroke-linecap=\"round\" stroke-linejoin=\"round\" fill=\"transparent\" \/>\n<\/svg>\n<\/div>\n\t\t<\/div>\n\t\t\n<\/div>\n<\/div><\/div>\n\n\n\n<div class=\"wp-block-column has-global-padding is-content-justification-left is-layout-constrained wp-container-core-column-is-layout-2 wp-block-column-is-layout-constrained\" style=\"padding-right:0;padding-left:0;flex-basis:40vw\">\n<h2 class=\"wp-block-heading\" style=\"font-size:clamp(18.959px, 1.185rem + ((1vw - 3.2px) * 0.863), 30px);\">Neue Dachstruktur mit zwei Maisonetten<\/h2>\n\n\n\n<div style=\"height:1em\" aria-hidden=\"true\" class=\"wp-block-spacer\"><\/div>\n\n\n\n<p>Das Geb\u00e4ude ist Teil einer historischen Blockrandbebauung aus dem beginnenden 20. Jh. Der Estrich wurde mit dem darunter liegenden Dachgeschoss zu zwei Maissonett Wohnungen ausgebaut. Beide Wohnungen haben einen Zugang auf die Dachzinne. Die neue Dachstruktur ist in Holzelementbauweise erstellt. Dies bedeutete eine kurze Bauzeit und tangierte die w\u00e4hrend der Bauzeit durchgehend bewohnten Obergeschosse so wenig wie n\u00f6tig. Hofseitig wurden die Balkone durch gr\u00f6ssere, in Stahl konzipierte Balkone vergr\u00f6ssert.<\/p>\n\n\n\n<div style=\"height:2em\" aria-hidden=\"true\" class=\"wp-block-spacer\"><\/div>\n\n\n\n<div class=\"wp-block-group .block-1 is-horizontal is-content-justification-left is-layout-flex wp-container-core-group-is-layout-1 wp-block-group-is-layout-flex\">\n<p>Auftraggeber: <\/p>\n\n\n\n<p>Privat<\/p>\n<\/div>\n\n\n\n<div class=\"wp-block-group is-horizontal is-content-justification-left is-layout-flex wp-container-core-group-is-layout-2 wp-block-group-is-layout-flex\">\n<p>Adresse, Ort: <\/p>\n\n\n\n<p>Z\u00fcrich<\/p>\n<\/div>\n\n\n\n<div class=\"wp-block-group is-horizontal is-content-justification-left is-layout-flex wp-container-core-group-is-layout-3 wp-block-group-is-layout-flex\">\n<p>Verfahren: <\/p>\n\n\n\n<p>Direktauftrag<\/p>\n<\/div>\n\n\n\n<div class=\"wp-block-group is-horizontal is-content-justification-left is-layout-flex wp-container-core-group-is-layout-4 wp-block-group-is-layout-flex\">\n<p>Realisierungszeit:<\/p>\n\n\n\n<p>2017<\/p>\n<\/div>\n\n\n\n<div class=\"wp-block-group is-horizontal is-content-justification-left is-layout-flex wp-container-core-group-is-layout-5 wp-block-group-is-layout-flex\">\n<p>Projektteam:<\/p>\n\n\n\n<p>Julian Ganz<\/p>\n<\/div>\n\n\n\n<div class=\"wp-block-group is-horizontal is-content-justification-left is-layout-flex wp-container-core-group-is-layout-6 wp-block-group-is-layout-flex\">\n<p>Nutzung: <\/p>\n\n\n\n<p>Wohnen<\/p>\n<\/div>\n<\/div>\n<\/div>\n","protected":false},"excerpt":{"rendered":"<p>Neue Dachstruktur mit zwei Maisonetten Das Geb\u00e4ude ist Teil einer historischen Blockrandbebauung aus dem beginnenden 20. Jh. Der Estrich wurde mit dem darunter liegenden Dachgeschoss zu zwei Maissonett Wohnungen ausgebaut. Beide Wohnungen haben einen Zugang auf die Dachzinne. Die neue Dachstruktur ist in Holzelementbauweise erstellt. Dies bedeutete eine kurze Bauzeit und tangierte die w\u00e4hrend der [&hellip;]<\/p>\n","protected":false},"author":2,"featured_media":0,"parent":0,"menu_order":0,"comment_status":"closed","ping_status":"open","template":"wp-custom-template-aljs-03-2","meta":{"_vp_format_video_url":"","_vp_image_focal_point":[],"_vp_custom_popup_image":0,"_vp_format_audio_url":"","_vp_custom_thumbnail":0,"_vp_custom_thumbnail_focal_point":[],"_vp_hover_thumbnail":0,"_vp_hover_thumbnail_focal_point":[],"footnotes":""},"class_list":["post-1088","page","type-page","status-publish","hentry"],"_links":{"self":[{"href":"https:\/\/ganzarchitektur.ch\/index.php?rest_route=\/wp\/v2\/pages\/1088","targetHints":{"allow":["GET"]}}],"collection":[{"href":"https:\/\/ganzarchitektur.ch\/index.php?rest_route=\/wp\/v2\/pages"}],"about":[{"href":"https:\/\/ganzarchitektur.ch\/index.php?rest_route=\/wp\/v2\/types\/page"}],"author":[{"embeddable":true,"href":"https:\/\/ganzarchitektur.ch\/index.php?rest_route=\/wp\/v2\/users\/2"}],"replies":[{"embeddable":true,"href":"https:\/\/ganzarchitektur.ch\/index.php?rest_route=%2Fwp%2Fv2%2Fcomments&post=1088"}],"version-history":[{"count":12,"href":"https:\/\/ganzarchitektur.ch\/index.php?rest_route=\/wp\/v2\/pages\/1088\/revisions"}],"predecessor-version":[{"id":1392,"href":"https:\/\/ganzarchitektur.ch\/index.php?rest_route=\/wp\/v2\/pages\/1088\/revisions\/1392"}],"wp:attachment":[{"href":"https:\/\/ganzarchitektur.ch\/index.php?rest_route=%2Fwp%2Fv2%2Fmedia&parent=1088"}],"curies":[{"name":"wp","href":"https:\/\/api.w.org\/{rel}","templated":true}]}}